{"id":2490,"date":"2024-11-01T00:24:13","date_gmt":"2024-10-31T22:24:13","guid":{"rendered":"https:\/\/nordroof.com\/?page_id=2490"},"modified":"2025-02-06T16:07:01","modified_gmt":"2025-02-06T14:07:01","slug":"statoma","status":"publish","type":"page","link":"https:\/\/nordroof.com\/lt\/statoma\/","title":{"rendered":"Puslapis kuriamas"},"content":{"rendered":"<div data-elementor-type=\"wp-page\" data-elementor-id=\"2490\" class=\"elementor elementor-2490\" data-elementor-post-type=\"page\">\n\t\t\t\t<div class=\"elementor-element elementor-element-858f1e1 e-flex e-con-boxed e-con e-parent\" data-id=\"858f1e1\" data-element_type=\"container\">\n\t\t\t\t\t<div class=\"e-con-inner\">\n\t\t<div class=\"elementor-element elementor-element-10b00ee e-con-full bdt-backdrop-filter-yes e-flex bdt-filter-backdrop e-con e-child\" data-id=\"10b00ee\" data-element_type=\"container\">\n\t\t<div class=\"elementor-element elementor-element-82e4402 e-con-full e-flex e-con e-child\" data-id=\"82e4402\" data-element_type=\"container\">\n\t\t\t\t<div class=\"elementor-element elementor-element-4e6a1bb elementor-widget elementor-widget-heading\" data-id=\"4e6a1bb\" data-element_type=\"widget\" data-widget_type=\"heading.default\">\n\t\t\t\t<div class=\"elementor-widget-container\">\n\t\t\t\t\t<h1 class=\"elementor-heading-title elementor-size-default\">Puslapis kuriamas<\/h1>\t\t\t\t<\/div>\n\t\t\t\t<\/div>\n\t\t<div class=\"elementor-element elementor-element-e6af485 e-con-full e-flex e-con e-child\" data-id=\"e6af485\" data-element_type=\"container\">\n\t\t\t\t<div class=\"elementor-element elementor-element-e6106a9 elementor-widget elementor-widget-heading\" data-id=\"e6106a9\" data-element_type=\"widget\" data-widget_type=\"heading.default\">\n\t\t\t\t<div class=\"elementor-widget-container\">\n\t\t\t\t\t<p class=\"elementor-heading-title elementor-size-default\">\u0160is puslapis \u0161iuo metu kuriamas<\/p>\t\t\t\t<\/div>\n\t\t\t\t<\/div>\n\t\t\t\t<\/div>\n\t\t<div class=\"elementor-element elementor-element-5fecdcb e-con-full e-flex e-con e-child\" data-id=\"5fecdcb\" data-element_type=\"container\">\n\t\t\t\t<div class=\"elementor-element elementor-element-42ff278 elementor-widget elementor-widget-button\" data-id=\"42ff278\" data-element_type=\"widget\" data-widget_type=\"button.default\">\n\t\t\t\t<div class=\"elementor-widget-container\">\n\t\t\t\t\t\t\t\t\t<div class=\"elementor-button-wrapper\">\n\t\t\t\t\t<a class=\"elementor-button elementor-button-link elementor-size-sm\" href=\"https:\/\/nordroof.com\/lt\">\n\t\t\t\t\t\t<span class=\"elementor-button-content-wrapper\">\n\t\t\t\t\t\t\t\t\t<span class=\"elementor-button-text\">Gr\u012f\u017eti \u012f pagrindin\u012f puslap\u012f<\/span>\n\t\t\t\t\t<\/span>\n\t\t\t\t\t<\/a>\n\t\t\t\t<\/div>\n\t\t\t\t\t\t\t\t<\/div>\n\t\t\t\t<\/div>\n\t\t\t\t<\/div>\n\t\t\t\t<\/div>\n\t\t\t\t<\/div>\n\t\t\t\t\t<\/div>\n\t\t\t\t<\/div>\n\t\t\t\t<\/div>","protected":false},"excerpt":{"rendered":"<p>Kuriama \u0160is puslapis \u0161iuo metu kuriamas Atgal \u012f pagrindin\u012f puslap\u012f<\/p>","protected":false},"author":3,"featured_media":0,"parent":0,"menu_order":0,"comment_status":"closed","ping_status":"closed","template":"","meta":{"_acf_changed":false,"inline_featured_image":false,"footnotes":""},"class_list":["post-2490","page","type-page","status-publish","hentry"],"acf":[],"yoast_head":"<!-- This site is optimized with the Yoast SEO plugin v27.6 - https:\/\/yoast.com\/product\/yoast-seo-wordpress\/ -->\n<title>Nordroof &#8211; Building The Modular Future<\/title>\n<meta name=\"description\" content=\"Nordroof, headquartered in Lithuania, has been delivering volumetric modular solutions since 2015. We serve markets in Sweden, the Netherlands, Norway, Iceland\" \/>\n<meta name=\"robots\" content=\"index, follow, max-snippet:-1, max-image-preview:large, max-video-preview:-1\" \/>\n<link rel=\"canonical\" href=\"https:\/\/nordroof.com\/lt\/statoma\/\" \/>\n<meta property=\"og:locale\" content=\"lt_LT\" \/>\n<meta property=\"og:type\" content=\"article\" \/>\n<meta property=\"og:title\" content=\"Nordroof &#8211; Building The Modular Future\" \/>\n<meta property=\"og:description\" content=\"Nordroof, headquartered in Lithuania, has been delivering volumetric modular solutions since 2015. We serve markets in Sweden, the Netherlands, Norway, Iceland\" \/>\n<meta property=\"og:url\" content=\"https:\/\/nordroof.com\/lt\/statoma\/\" \/>\n<meta property=\"og:site_name\" content=\"Nordroof\" \/>\n<meta property=\"article:modified_time\" content=\"2025-02-06T14:07:01+00:00\" \/>\n<meta property=\"og:image\" content=\"https:\/\/nordroof.com\/wp-content\/uploads\/2024\/07\/nordroof-seo-horizontal.jpg\" \/>\n\t<meta property=\"og:image:width\" content=\"2400\" \/>\n\t<meta property=\"og:image:height\" content=\"1350\" \/>\n\t<meta property=\"og:image:type\" content=\"image\/jpeg\" \/>\n<meta name=\"twitter:card\" content=\"summary_large_image\" \/>\n<meta name=\"twitter:image\" content=\"https:\/\/nordroof.com\/wp-content\/uploads\/2024\/07\/nordroof-seo-horizontal.jpg\" \/>\n<script type=\"application\/ld+json\" class=\"yoast-schema-graph\">{\"@context\":\"https:\\\/\\\/schema.org\",\"@graph\":[{\"@type\":\"WebPage\",\"@id\":\"https:\\\/\\\/nordroof.com\\\/under-construction\\\/\",\"url\":\"https:\\\/\\\/nordroof.com\\\/under-construction\\\/\",\"name\":\"Nordroof &#8211; Building The Modular Future\",\"isPartOf\":{\"@id\":\"https:\\\/\\\/nordroof.com\\\/#website\"},\"datePublished\":\"2024-10-31T22:24:13+00:00\",\"dateModified\":\"2025-02-06T14:07:01+00:00\",\"description\":\"Nordroof, headquartered in Lithuania, has been delivering volumetric modular solutions since 2015. We serve markets in Sweden, the Netherlands, Norway, Iceland\",\"breadcrumb\":{\"@id\":\"https:\\\/\\\/nordroof.com\\\/under-construction\\\/#breadcrumb\"},\"inLanguage\":\"lt-LT\",\"potentialAction\":[{\"@type\":\"ReadAction\",\"target\":[\"https:\\\/\\\/nordroof.com\\\/under-construction\\\/\"]}]},{\"@type\":\"BreadcrumbList\",\"@id\":\"https:\\\/\\\/nordroof.com\\\/under-construction\\\/#breadcrumb\",\"itemListElement\":[{\"@type\":\"ListItem\",\"position\":1,\"name\":\"Home\",\"item\":\"https:\\\/\\\/nordroof.com\\\/\"},{\"@type\":\"ListItem\",\"position\":2,\"name\":\"Under Construction\"}]},{\"@type\":\"WebSite\",\"@id\":\"https:\\\/\\\/nordroof.com\\\/#website\",\"url\":\"https:\\\/\\\/nordroof.com\\\/\",\"name\":\"Nordroof \u2013 Building The Modular Future\",\"description\":\"Building The Modular Future\",\"publisher\":{\"@id\":\"https:\\\/\\\/nordroof.com\\\/#organization\"},\"alternateName\":\"Nordroof\",\"potentialAction\":[{\"@type\":\"SearchAction\",\"target\":{\"@type\":\"EntryPoint\",\"urlTemplate\":\"https:\\\/\\\/nordroof.com\\\/?s={search_term_string}\"},\"query-input\":{\"@type\":\"PropertyValueSpecification\",\"valueRequired\":true,\"valueName\":\"search_term_string\"}}],\"inLanguage\":\"lt-LT\"},{\"@type\":\"Organization\",\"@id\":\"https:\\\/\\\/nordroof.com\\\/#organization\",\"name\":\"Nordroof \u2013 Building The Modular Future\",\"alternateName\":\"Nordroof\",\"url\":\"https:\\\/\\\/nordroof.com\\\/\",\"logo\":{\"@type\":\"ImageObject\",\"inLanguage\":\"lt-LT\",\"@id\":\"https:\\\/\\\/nordroof.com\\\/#\\\/schema\\\/logo\\\/image\\\/\",\"url\":\"https:\\\/\\\/nordroof.com\\\/wp-content\\\/uploads\\\/2024\\\/07\\\/nordroof-seo-square.jpg\",\"contentUrl\":\"https:\\\/\\\/nordroof.com\\\/wp-content\\\/uploads\\\/2024\\\/07\\\/nordroof-seo-square.jpg\",\"width\":1800,\"height\":1800,\"caption\":\"Nordroof \u2013 Building The Modular Future\"},\"image\":{\"@id\":\"https:\\\/\\\/nordroof.com\\\/#\\\/schema\\\/logo\\\/image\\\/\"}}]}<\/script>\n<!-- \/ Yoast SEO plugin. -->","yoast_head_json":{"title":"\"Nordroof\" - modulin\u0117s ateities k\u016brimas","description":"Lietuvoje \u012fsik\u016brusi bendrov\u0117 \"Nordroof\" nuo 2015 m. teikia t\u016brinius modulinius sprendimus. Mes aptarnaujame \u0160vedijos, Nyderland\u0173, Norvegijos, Islandijos ir kit\u0173 \u0161ali\u0173 rinkas.","robots":{"index":"index","follow":"follow","max-snippet":"max-snippet:-1","max-image-preview":"max-image-preview:large","max-video-preview":"max-video-preview:-1"},"canonical":"https:\/\/nordroof.com\/lt\/statoma\/","og_locale":"lt_LT","og_type":"article","og_title":"Nordroof &#8211; Building The Modular Future","og_description":"Nordroof, headquartered in Lithuania, has been delivering volumetric modular solutions since 2015. We serve markets in Sweden, the Netherlands, Norway, Iceland","og_url":"https:\/\/nordroof.com\/lt\/statoma\/","og_site_name":"Nordroof","article_modified_time":"2025-02-06T14:07:01+00:00","og_image":[{"width":2400,"height":1350,"url":"https:\/\/nordroof.com\/wp-content\/uploads\/2024\/07\/nordroof-seo-horizontal.jpg","type":"image\/jpeg"}],"twitter_card":"summary_large_image","twitter_image":"https:\/\/nordroof.com\/wp-content\/uploads\/2024\/07\/nordroof-seo-horizontal.jpg","schema":{"@context":"https:\/\/schema.org","@graph":[{"@type":"WebPage","@id":"https:\/\/nordroof.com\/under-construction\/","url":"https:\/\/nordroof.com\/under-construction\/","name":"\"Nordroof\" - modulin\u0117s ateities k\u016brimas","isPartOf":{"@id":"https:\/\/nordroof.com\/#website"},"datePublished":"2024-10-31T22:24:13+00:00","dateModified":"2025-02-06T14:07:01+00:00","description":"Lietuvoje \u012fsik\u016brusi bendrov\u0117 \"Nordroof\" nuo 2015 m. teikia t\u016brinius modulinius sprendimus. Mes aptarnaujame \u0160vedijos, Nyderland\u0173, Norvegijos, Islandijos ir kit\u0173 \u0161ali\u0173 rinkas.","breadcrumb":{"@id":"https:\/\/nordroof.com\/under-construction\/#breadcrumb"},"inLanguage":"lt-LT","potentialAction":[{"@type":"ReadAction","target":["https:\/\/nordroof.com\/under-construction\/"]}]},{"@type":"BreadcrumbList","@id":"https:\/\/nordroof.com\/under-construction\/#breadcrumb","itemListElement":[{"@type":"ListItem","position":1,"name":"Home","item":"https:\/\/nordroof.com\/"},{"@type":"ListItem","position":2,"name":"Under Construction"}]},{"@type":"WebSite","@id":"https:\/\/nordroof.com\/#website","url":"https:\/\/nordroof.com\/","name":"\"Nordroof\" - modulin\u0117s ateities k\u016brimas","description":"Modulin\u0117s ateities k\u016brimas","publisher":{"@id":"https:\/\/nordroof.com\/#organization"},"alternateName":"Nordroof","potentialAction":[{"@type":"SearchAction","target":{"@type":"EntryPoint","urlTemplate":"https:\/\/nordroof.com\/?s={search_term_string}"},"query-input":{"@type":"PropertyValueSpecification","valueRequired":true,"valueName":"search_term_string"}}],"inLanguage":"lt-LT"},{"@type":"Organization","@id":"https:\/\/nordroof.com\/#organization","name":"\"Nordroof\" - modulin\u0117s ateities k\u016brimas","alternateName":"Nordroof","url":"https:\/\/nordroof.com\/","logo":{"@type":"ImageObject","inLanguage":"lt-LT","@id":"https:\/\/nordroof.com\/#\/schema\/logo\/image\/","url":"https:\/\/nordroof.com\/wp-content\/uploads\/2024\/07\/nordroof-seo-square.jpg","contentUrl":"https:\/\/nordroof.com\/wp-content\/uploads\/2024\/07\/nordroof-seo-square.jpg","width":1800,"height":1800,"caption":"Nordroof \u2013 Building The Modular Future"},"image":{"@id":"https:\/\/nordroof.com\/#\/schema\/logo\/image\/"}}]}},"_links":{"self":[{"href":"https:\/\/nordroof.com\/lt\/wp-json\/wp\/v2\/pages\/2490","targetHints":{"allow":["GET"]}}],"collection":[{"href":"https:\/\/nordroof.com\/lt\/wp-json\/wp\/v2\/pages"}],"about":[{"href":"https:\/\/nordroof.com\/lt\/wp-json\/wp\/v2\/types\/page"}],"author":[{"embeddable":true,"href":"https:\/\/nordroof.com\/lt\/wp-json\/wp\/v2\/users\/3"}],"replies":[{"embeddable":true,"href":"https:\/\/nordroof.com\/lt\/wp-json\/wp\/v2\/comments?post=2490"}],"version-history":[{"count":10,"href":"https:\/\/nordroof.com\/lt\/wp-json\/wp\/v2\/pages\/2490\/revisions"}],"predecessor-version":[{"id":5088,"href":"https:\/\/nordroof.com\/lt\/wp-json\/wp\/v2\/pages\/2490\/revisions\/5088"}],"wp:attachment":[{"href":"https:\/\/nordroof.com\/lt\/wp-json\/wp\/v2\/media?parent=2490"}],"curies":[{"name":"wp","href":"https:\/\/api.w.org\/{rel}","templated":true}]}}